{"id":14,"date":"2018-09-15T15:14:26","date_gmt":"2018-09-15T15:14:26","guid":{"rendered":"http:\/\/themes.uxbarn.com\/wp\/jeanne-dummy\/?page_id=14"},"modified":"2021-12-01T16:18:24","modified_gmt":"2021-12-01T16:18:24","slug":"home","status":"publish","type":"page","link":"https:\/\/www.akmeka.org\/artxiboarteleku\/works\/home\/","title":{"rendered":"Arteleku Micromemorias"},"content":{"rendered":"<div class=\"boldgrid-section\">\n<div class=\"container\">\n<div class=\"row\">\n<div class=\"col-md-12 col-xs-12 col-sm-12\">\n<p class=\"\">Estos ensayos forman parte de una serie de investigaciones desarrolladas en el marco del proyecto Arteleku Artxiboa del grupo de investigaci\u00f3n consolidado cofinanciaci\u00f3n del Gobierno Vasco AKMEKA, IT1278-19, en colaboraci\u00f3n con MNCARS y la convocatoria Universidad-Empresa -Sociedad 2019 de la UPV\/EHU.<\/p>\n<\/div>\n<\/div>\n<\/div>\n<\/div>\n\n\n<p><\/p>\n","protected":false},"excerpt":{"rendered":"<p>Estos ensayos forman parte de una serie de investigaciones desarrolladas en el marco del proyecto Arteleku Artxiboa del grupo de investigaci\u00f3n consolidado cofinanciaci\u00f3n del Gobierno Vasco AKMEKA, IT1278-19, en colaboraci\u00f3n con MNCARS y la convocatoria Universidad-Empresa -Sociedad 2019 de la UPV\/EHU.<\/p>\n","protected":false},"author":3,"featured_media":0,"parent":22,"menu_order":0,"comment_status":"closed","ping_status":"closed","template":"template-all-works.php","meta":{"cybocfi_hide_featured_image":"","footnotes":""},"class_list":["post-14","page","type-page","status-publish","hentry"],"_links":{"self":[{"href":"https:\/\/www.akmeka.org\/artxiboarteleku\/wp-json\/wp\/v2\/pages\/14","targetHints":{"allow":["GET"]}}],"collection":[{"href":"https:\/\/www.akmeka.org\/artxiboarteleku\/wp-json\/wp\/v2\/pages"}],"about":[{"href":"https:\/\/www.akmeka.org\/artxiboarteleku\/wp-json\/wp\/v2\/types\/page"}],"author":[{"embeddable":true,"href":"https:\/\/www.akmeka.org\/artxiboarteleku\/wp-json\/wp\/v2\/users\/3"}],"replies":[{"embeddable":true,"href":"https:\/\/www.akmeka.org\/artxiboarteleku\/wp-json\/wp\/v2\/comments?post=14"}],"version-history":[{"count":10,"href":"https:\/\/www.akmeka.org\/artxiboarteleku\/wp-json\/wp\/v2\/pages\/14\/revisions"}],"predecessor-version":[{"id":3126,"href":"https:\/\/www.akmeka.org\/artxiboarteleku\/wp-json\/wp\/v2\/pages\/14\/revisions\/3126"}],"up":[{"embeddable":true,"href":"https:\/\/www.akmeka.org\/artxiboarteleku\/wp-json\/wp\/v2\/pages\/22"}],"wp:attachment":[{"href":"https:\/\/www.akmeka.org\/artxiboarteleku\/wp-json\/wp\/v2\/media?parent=14"}],"curies":[{"name":"wp","href":"https:\/\/api.w.org\/{rel}","templated":true}]}}