{"id":2972,"date":"2021-07-19T09:52:12","date_gmt":"2021-07-19T09:52:12","guid":{"rendered":"https:\/\/www.akmeka.org\/artxiboarteleku\/?page_id=2972"},"modified":"2021-07-19T10:43:50","modified_gmt":"2021-07-19T10:43:50","slug":"otras-referencias-bestelako-erreferentziak","status":"publish","type":"page","link":"https:\/\/www.akmeka.org\/artxiboarteleku\/otras-referencias-bestelako-erreferentziak\/","title":{"rendered":"Otras referencias \/ Bestelako Erreferentziak"},"content":{"rendered":"<div class=\"boldgrid-section\">\n<div class=\"container\">\n<div class=\"row\" style=\"padding-bottom: 15px;\">\n<div class=\"col-md-12 col-xs-12 col-sm-12\">\n<p class=\"\">Recoge otros recursos desde los que se puede acceder a contenidos relacionados con Arteleku.<br \/>\nArtelekurekin zerikusia duten beste erreferentziak, fitxategiak eta webguneak jasotzen dira.<\/p>\n<\/div>\n<\/div>\n<\/div>\n<\/div>\n<div><\/div>\n<div class=\"boldgrid-section\">\n<div class=\"container\">\n<div class=\"row\" style=\"padding-bottom: 0px; padding-top: 0px;\">\n<div><\/div>\n<div><\/div>\n<div class=\"col-md-12 col-xs-12 col-sm-12\">\n<p class=\"mod-reset\"><a href=\"http:\/\/artxibo.arteleku.net\/\">ARTXIBO ARTELEKU<\/a><\/p>\n<p class=\"mod-reset\"><a href=\"http:\/\/artxibo.arteleku.net\/\">http:\/\/artxibo.arteleku.net\/<\/a><\/p>\n<p>Alojado en el servidor del Medialab de Tabakalera, contiene multitud de materiales digitalizados, libros, cat\u00e1logos, conferencias, documentaci\u00f3n gr\u00e1fica, etc) generados en toda la historia de Arteleku. Artelekuko fitxategiaren esteka. daur egun Tabakalerako Medialabeko zerbitzarian dago eta Artelekuren historian zehar sortutako materiala digitalizatuak (liburuak, katalogoak, hitzaldiak, dokumentazio grafikoa, etabar.) jasotzen dira bertan.<\/p>\n<p class=\"mod-reset\"><a href=\"https:\/\/www.gipuzkoa.eus\/es\/web\/gordailua\/gordailua\">GORDAILUA<\/a><\/p>\n<p class=\"mod-reset\"><a href=\"https:\/\/www.gipuzkoa.eus\/es\/web\/gordailua\/gordailua\">https:\/\/www.gipuzkoa.eus\/es\/web\/gordailua\/gordailua<\/a><\/p>\n<p class=\"\">Gordailua es el Centro de Colecciones Patrimoniales de la Diputaci\u00f3n Foral de Gipuzkoa donde se conserva material gr\u00e1fico, principalmente obra en papel, proveniente de Arteleku.<br \/>\nGipuzkoako ondare higigarriaren bildumen zentroa da eta bertan Artelekutik etorri ziren materiala grafikoak, nagusiki paperean egindako lanak, gordetzen dira.<\/p>\n<\/div>\n<div class=\"col-md-12 col-xs-12 col-sm-12\">\n<div class=\"row bg-editor-hr-wrap\"><\/div>\n<p class=\"mod-reset\"><a href=\"https:\/\/www.tabakalera.eus\/es\/biblioteca-creacion\">MEDIALAB TABAKALERA<\/a><\/p>\n<p class=\"mod-reset\"><a href=\"https:\/\/www.tabakalera.eus\/es\/biblioteca-creacion\">https:\/\/www.tabakalera.eus\/es\/biblioteca-creacion<\/a><\/p>\n<p>En la biblioteca del Medialab de Tabakalera est\u00e1n depositadas publicaciones de todo tipo y otros documentos provenientes de la biblioteca y los archivos de Arteleku.<\/p>\n<\/div>\n<\/div>\n<\/div>\n<\/div>\n","protected":false},"excerpt":{"rendered":"<p>Recoge otros recursos desde los que se puede acceder a contenidos relacionados con Arteleku. Artelekurekin zerikusia duten beste erreferentziak, fitxategiak eta webguneak jasotzen dira. ARTXIBO ARTELEKU http:\/\/artxibo.arteleku.net\/ Alojado en el servidor del Medialab de Tabakalera, contiene multitud de materiales digitalizados, libros, cat\u00e1logos, conferencias, documentaci\u00f3n gr\u00e1fica, etc) generados en toda la historia de Arteleku. Artelekuko fitxategiaren esteka. daur egun Tabakalerako Medialabeko zerbitzarian dago eta Artelekuren historian zehar sortutako materiala digitalizatuak (liburuak, katalogoak, hitzaldiak, dokumentazio grafikoa, etabar.) jasotzen dira bertan. GORDAILUA https:\/\/www.gipuzkoa.eus\/es\/web\/gordailua\/gordailua Gordailua es el Centro de Colecciones Patrimoniales de la Diputaci\u00f3n Foral de Gipuzkoa donde se conserva material gr\u00e1fico, principalmente obra en papel, proveniente de Arteleku. Gipuzkoako ondare higigarriaren bildumen zentroa da eta bertan Artelekutik etorri ziren materiala grafikoak, nagusiki paperean egindako lanak, gordetzen dira. MEDIALAB TABAKALERA https:\/\/www.tabakalera.eus\/es\/biblioteca-creacion En la biblioteca del Medialab de Tabakalera est\u00e1n depositadas publicaciones de todo tipo y otros documentos provenientes de la biblioteca y los archivos de Arteleku.<\/p>\n","protected":false},"author":2,"featured_media":0,"parent":0,"menu_order":0,"comment_status":"closed","ping_status":"closed","template":"","meta":{"cybocfi_hide_featured_image":"","footnotes":""},"class_list":["post-2972","page","type-page","status-publish","hentry"],"_links":{"self":[{"href":"https:\/\/www.akmeka.org\/artxiboarteleku\/wp-json\/wp\/v2\/pages\/2972","targetHints":{"allow":["GET"]}}],"collection":[{"href":"https:\/\/www.akmeka.org\/artxiboarteleku\/wp-json\/wp\/v2\/pages"}],"about":[{"href":"https:\/\/www.akmeka.org\/artxiboarteleku\/wp-json\/wp\/v2\/types\/page"}],"author":[{"embeddable":true,"href":"https:\/\/www.akmeka.org\/artxiboarteleku\/wp-json\/wp\/v2\/users\/2"}],"replies":[{"embeddable":true,"href":"https:\/\/www.akmeka.org\/artxiboarteleku\/wp-json\/wp\/v2\/comments?post=2972"}],"version-history":[{"count":10,"href":"https:\/\/www.akmeka.org\/artxiboarteleku\/wp-json\/wp\/v2\/pages\/2972\/revisions"}],"predecessor-version":[{"id":2998,"href":"https:\/\/www.akmeka.org\/artxiboarteleku\/wp-json\/wp\/v2\/pages\/2972\/revisions\/2998"}],"wp:attachment":[{"href":"https:\/\/www.akmeka.org\/artxiboarteleku\/wp-json\/wp\/v2\/media?parent=2972"}],"curies":[{"name":"wp","href":"https:\/\/api.w.org\/{rel}","templated":true}]}}