{"id":3018,"date":"2021-10-13T12:49:40","date_gmt":"2021-10-13T12:49:40","guid":{"rendered":"https:\/\/www.akmeka.org\/artxiboarteleku\/?page_id=3018"},"modified":"2022-07-18T16:04:47","modified_gmt":"2022-07-18T16:04:47","slug":"pildoras-video","status":"publish","type":"page","link":"https:\/\/www.akmeka.org\/artxiboarteleku\/pildoras-video\/","title":{"rendered":"Bideokaxetak"},"content":{"rendered":"<div class=\"boldgrid-section\" style=\"padding-top: 0em;\">\n<h3 id=\"bideokaxetak\" class=\"container\" style=\"padding: 1em; text-align: right; margin-bottom: 10px;\"><strong>Bideokaxetak<\/strong><\/h3>\n<\/div>\n<div class=\"color-neutral-background-color color-neutral-text-contrast bg-background-color tmpl-gallery-8 boldgrid-section dynamic-gridblock\">\n<div class=\"container\">\n<div class=\"row\" style=\"margin-top: -20px;\">\n<div class=\"col-md-12 col-xs-12 col-sm-12 col-lg-12\"><\/div>\n<\/div>\n<div class=\"row\" style=\"padding: 0px 0em; width: auto; margin-bottom: -12px; margin-top: -25px;\">\n<div class=\"col-md-4 col-sm-12 col-xs-12 col-lg-4\" style=\"padding: 1em;\">\n<p><iframe title=\"Arturo\/ fito Rodr\u00edguez\" width=\"500\" height=\"281\" src=\"https:\/\/www.youtube.com\/embed\/6A69apefWto?feature=oembed\" frameborder=\"0\" allow=\"accelerometer; autoplay; clipboard-write; encrypted-media; gyroscope; picture-in-picture; web-share\" referrerpolicy=\"strict-origin-when-cross-origin\" allowfullscreen><\/iframe><\/p>\n<p class=\"\">Arturo \/ Fito Rodr\u00edguez<\/p>\n<\/div>\n<div class=\"col-md-4 col-sm-12 col-xs-12 col-lg-4\" style=\"padding-bottom: 1em; padding-top: 1em;\">\n<p><iframe title=\"Saioa Olmo\" width=\"500\" height=\"281\" src=\"https:\/\/www.youtube.com\/embed\/YiKYehyIVhg?feature=oembed\" frameborder=\"0\" allow=\"accelerometer; autoplay; clipboard-write; encrypted-media; gyroscope; picture-in-picture; web-share\" referrerpolicy=\"strict-origin-when-cross-origin\" allowfullscreen><\/iframe><\/p>\n<p class=\"\">Saioa Olmo<\/p>\n<\/div>\n<div class=\"col-md-4 col-sm-12 col-xs-12 col-lg-4\" style=\"padding-bottom: 1em; padding-top: 1em;\">\n<p><iframe title=\"Andrea Estankona\" width=\"500\" height=\"281\" src=\"https:\/\/www.youtube.com\/embed\/JyMTu_aG_1s?feature=oembed\" frameborder=\"0\" allow=\"accelerometer; autoplay; clipboard-write; encrypted-media; gyroscope; picture-in-picture; web-share\" referrerpolicy=\"strict-origin-when-cross-origin\" allowfullscreen><\/iframe><\/p>\n<p class=\"\">Andrea Estankona<\/p>\n<\/div>\n<\/div>\n<div class=\"row\" style=\"padding-top: 20px; padding-bottom: 0px; width: auto; margin-top: 0px; margin-bottom: 0px;\">\n<div class=\"col-md-4 col-sm-12 col-xs-12 col-lg-4\" style=\"padding-bottom: 1em; padding-top: 1em;\">\n<p><iframe title=\"Gabriel Villota\" width=\"500\" height=\"281\" src=\"https:\/\/www.youtube.com\/embed\/xpdvS3aZxPo?feature=oembed\" frameborder=\"0\" allow=\"accelerometer; autoplay; clipboard-write; encrypted-media; gyroscope; picture-in-picture; web-share\" referrerpolicy=\"strict-origin-when-cross-origin\" allowfullscreen><\/iframe><\/p>\n<p class=\"\">Gabriel Villota<\/p>\n<\/div>\n<div class=\"col-md-4 col-sm-12 col-xs-12 col-lg-4\" style=\"padding-bottom: 1em; padding-top: 1em;\">\n<p><iframe title=\"Izaskun Irizar\" width=\"500\" height=\"281\" src=\"https:\/\/www.youtube.com\/embed\/ZcCBkYcWeFo?feature=oembed\" frameborder=\"0\" allow=\"accelerometer; autoplay; clipboard-write; encrypted-media; gyroscope; picture-in-picture; web-share\" referrerpolicy=\"strict-origin-when-cross-origin\" allowfullscreen><\/iframe><\/p>\n<p class=\"\">Izaskun Irizar<\/p>\n<\/div>\n<div class=\"col-md-4 col-sm-12 col-xs-12 col-lg-4\" style=\"padding: 1em;\">\n<p><iframe title=\"Peio Aguirre\" width=\"500\" height=\"281\" src=\"https:\/\/www.youtube.com\/embed\/JDBQzVPkoKk?feature=oembed\" frameborder=\"0\" allow=\"accelerometer; autoplay; clipboard-write; encrypted-media; gyroscope; picture-in-picture; web-share\" referrerpolicy=\"strict-origin-when-cross-origin\" allowfullscreen><\/iframe><\/p>\n<p class=\"\">Peio Aguirre<\/p>\n<\/div>\n<\/div>\n<div class=\"row\" style=\"padding-top: 10px; padding-bottom: 14px; width: auto; margin-top: 0px; margin-bottom: 0px;\">\n<div class=\"col-md-4 col-sm-12 col-xs-12 col-lg-4\" style=\"padding-bottom: 1em; padding-top: 1em;\">\n<p><iframe title=\"Natxo Rodr\u00edguez\" width=\"500\" height=\"281\" src=\"https:\/\/www.youtube.com\/embed\/VjLi4HHREqo?feature=oembed\" frameborder=\"0\" allow=\"accelerometer; autoplay; clipboard-write; encrypted-media; gyroscope; picture-in-picture; web-share\" referrerpolicy=\"strict-origin-when-cross-origin\" allowfullscreen><\/iframe><\/p>\n<p class=\"\">Natxo Rodr\u00edguez<\/p>\n<\/div>\n<div class=\"col-md-4 col-sm-12 col-xs-12 col-lg-4\" style=\"padding-bottom: 1em; padding-top: 1em;\">\n<p><iframe title=\"Pablo Maravi\" width=\"500\" height=\"281\" src=\"https:\/\/www.youtube.com\/embed\/GvwRLdZEm0c?feature=oembed\" frameborder=\"0\" allow=\"accelerometer; autoplay; clipboard-write; encrypted-media; gyroscope; picture-in-picture; web-share\" referrerpolicy=\"strict-origin-when-cross-origin\" allowfullscreen><\/iframe><\/p>\n<p class=\"\">Pablo Maravi<\/p>\n<\/div>\n<div class=\"col-md-4 col-sm-12 col-xs-12 col-lg-4\" style=\"padding-bottom: 1em; padding-top: 1em;\">\n<p><iframe title=\"Arantza Lauzirika\" width=\"500\" height=\"281\" src=\"https:\/\/www.youtube.com\/embed\/jabjn4QSWUA?feature=oembed\" frameborder=\"0\" allow=\"accelerometer; autoplay; clipboard-write; encrypted-media; gyroscope; picture-in-picture; web-share\" referrerpolicy=\"strict-origin-when-cross-origin\" allowfullscreen><\/iframe><\/p>\n<p class=\"\">Arantza Lauzirika<\/p>\n<\/div>\n<\/div>\n<\/div>\n<\/div>\n<div class=\"color-neutral-background-color color-neutral-text-contrast bg-background-color tmpl-gallery-8 boldgrid-section dynamic-gridblock\">\n<div class=\"container\">\n<div class=\"row\" style=\"margin-top: -20px;\">\n<div class=\"col-md-12 col-xs-12 col-sm-12 col-lg-12\"><\/div>\n<\/div>\n<div class=\"row\" style=\"padding: 0px 0em; width: auto; margin-bottom: -12px; margin-top: -25px;\">\n<div class=\"col-md-4 col-sm-12 col-xs-12 col-lg-4\" style=\"padding: 1em;\">\n<p><iframe title=\"Estibaliz S\u00e1daba\" width=\"500\" height=\"281\" src=\"https:\/\/www.youtube.com\/embed\/gCNwbKmMdbE?feature=oembed\" frameborder=\"0\" allow=\"accelerometer; autoplay; clipboard-write; encrypted-media; gyroscope; picture-in-picture; web-share\" referrerpolicy=\"strict-origin-when-cross-origin\" allowfullscreen><\/iframe><\/p>\n<p class=\"\">Estibaliz S\u00e1daba<\/p>\n<\/div>\n<div class=\"col-md-4 col-sm-12 col-xs-12 col-lg-4\" style=\"padding-bottom: 1em; padding-top: 1em;\">\n<p><iframe title=\"Oier Iruretagoiena\" width=\"500\" height=\"281\" src=\"https:\/\/www.youtube.com\/embed\/n-1FWYdpcUk?feature=oembed\" frameborder=\"0\" allow=\"accelerometer; autoplay; clipboard-write; encrypted-media; gyroscope; picture-in-picture; web-share\" referrerpolicy=\"strict-origin-when-cross-origin\" allowfullscreen><\/iframe><\/p>\n<p class=\"\">Oier Iruretagoiena<\/p>\n<\/div>\n<div class=\"col-md-4 col-sm-12 col-xs-12 col-lg-4\" style=\"padding-bottom: 1em; padding-top: 1em;\">\n<p><iframe title=\"Maider L\u00f3pez\" width=\"500\" height=\"281\" src=\"https:\/\/www.youtube.com\/embed\/IIjUCx0AnH4?feature=oembed\" frameborder=\"0\" allow=\"accelerometer; autoplay; clipboard-write; encrypted-media; gyroscope; picture-in-picture; web-share\" referrerpolicy=\"strict-origin-when-cross-origin\" allowfullscreen><\/iframe><\/p>\n<p class=\"\">Maider L\u00f3pez<\/p>\n<\/div>\n<\/div>\n<div class=\"row\" style=\"padding-top: 20px; padding-bottom: 0px; width: auto; margin-top: 0px; margin-bottom: 0px;\">\n<div class=\"col-md-4 col-sm-12 col-xs-12 col-lg-4\" style=\"padding-bottom: 1em; padding-top: 1em;\">\n<p><iframe title=\"Eugeni Bonet\" width=\"500\" height=\"281\" src=\"https:\/\/www.youtube.com\/embed\/QCGmdHjxubQ?feature=oembed\" frameborder=\"0\" allow=\"accelerometer; autoplay; clipboard-write; encrypted-media; gyroscope; picture-in-picture; web-share\" referrerpolicy=\"strict-origin-when-cross-origin\" allowfullscreen><\/iframe><\/p>\n<p class=\"\">Eugeni Bonet<\/p>\n<\/div>\n<\/div>\n<div class=\"row\" style=\"padding-top: 10px; padding-bottom: 14px; width: auto; margin-top: 0px; margin-bottom: 0px;\"><\/div>\n<\/div>\n<\/div>\n","protected":false},"excerpt":{"rendered":"<p>Bideokaxetak Arturo \/ Fito Rodr\u00edguez Saioa Olmo Andrea Estankona Gabriel Villota Izaskun Irizar Peio Aguirre Natxo Rodr\u00edguez Pablo Maravi Arantza Lauzirika Estibaliz S\u00e1daba Oier Iruretagoiena Maider L\u00f3pez Eugeni Bonet<\/p>\n","protected":false},"author":2,"featured_media":0,"parent":0,"menu_order":0,"comment_status":"closed","ping_status":"closed","template":"template\/page\/fullwidth.php","meta":{"cybocfi_hide_featured_image":"","footnotes":""},"class_list":["post-3018","page","type-page","status-publish","hentry"],"_links":{"self":[{"href":"https:\/\/www.akmeka.org\/artxiboarteleku\/wp-json\/wp\/v2\/pages\/3018","targetHints":{"allow":["GET"]}}],"collection":[{"href":"https:\/\/www.akmeka.org\/artxiboarteleku\/wp-json\/wp\/v2\/pages"}],"about":[{"href":"https:\/\/www.akmeka.org\/artxiboarteleku\/wp-json\/wp\/v2\/types\/page"}],"author":[{"embeddable":true,"href":"https:\/\/www.akmeka.org\/artxiboarteleku\/wp-json\/wp\/v2\/users\/2"}],"replies":[{"embeddable":true,"href":"https:\/\/www.akmeka.org\/artxiboarteleku\/wp-json\/wp\/v2\/comments?post=3018"}],"version-history":[{"count":10,"href":"https:\/\/www.akmeka.org\/artxiboarteleku\/wp-json\/wp\/v2\/pages\/3018\/revisions"}],"predecessor-version":[{"id":3183,"href":"https:\/\/www.akmeka.org\/artxiboarteleku\/wp-json\/wp\/v2\/pages\/3018\/revisions\/3183"}],"wp:attachment":[{"href":"https:\/\/www.akmeka.org\/artxiboarteleku\/wp-json\/wp\/v2\/media?parent=3018"}],"curies":[{"name":"wp","href":"https:\/\/api.w.org\/{rel}","templated":true}]}}